{"id":1552,"date":"2014-04-02T14:46:27","date_gmt":"2014-04-02T13:46:27","guid":{"rendered":"https:\/\/www.nid-des-anges.fr\/?page_id=1552"},"modified":"2014-05-26T12:53:51","modified_gmt":"2014-05-26T11:53:51","slug":"the-lounges","status":"publish","type":"page","link":"https:\/\/www.nid-des-anges.fr\/en\/welcome\/the-lounges\/","title":{"rendered":"The lounges"},"content":{"rendered":"<p>[et_pb_section background_color=&#8221;#ffffff&#8221; inner_shadow=&#8221;off&#8221; parallax=&#8221;off&#8221;][et_pb_row][et_pb_column type=&#8221;4_4&#8243;][et_pb_blurb admin_label=&#8221;Titre&#8221; url_new_window=&#8221;off&#8221; image=&#8221;https:\/\/www.nid-des-anges.fr\/wp-content\/uploads\/2014\/04\/the-lounges-600&#215;100.png&#8221; animation=&#8221;top&#8221; background_layout=&#8221;light&#8221; text_orientation=&#8221;center&#8221; \/][\/et_pb_column][\/et_pb_row][et_pb_row][et_pb_column type=&#8221;2_3&#8243;][et_pb_image admin_label=&#8221;Image&#8221; src=&#8221;https:\/\/www.nid-des-anges.fr\/wp-content\/uploads\/2014\/02\/salon-ext-1080&#215;720-w.jpg&#8221; url_new_window=&#8221;off&#8221; animation=&#8221;left&#8221; alt=&#8221;Image&#8221; \/][\/et_pb_column][et_pb_column type=&#8221;1_3&#8243;][et_pb_text admin_label=&#8221;Text&#8221; background_layout=&#8221;light&#8221; text_orientation=&#8221;left&#8221;]<\/p>\n<h1>Throughout the day<\/h1>\n<p><span style=\"color: #ffffff;\">&#8211;<\/span><\/p>\n<p><strong>In the heart of the <em>Nid des Anges<\/em> house, the fireplace diffuses its warmth, entices you with its moving flames.\u00a0There are several lounges where\u00a0everyone can relax during the day. Whether it\u2019s listening to music, reading or resting, the lounges will be suitable to enjoy the moment.<\/strong><\/p>\n<p>[\/et_pb_text][\/et_pb_column][\/et_pb_row][et_pb_row][et_pb_column type=&#8221;1_3&#8243;][et_pb_text admin_label=&#8221;Text&#8221; background_layout=&#8221;light&#8221; text_orientation=&#8221;left&#8221;]<\/p>\n<h3 style=\"text-align: right;\">On the ground floor<\/h3>\n<p style=\"text-align: right;\"><span style=\"color: #ffffff;\">&#8211;<\/span><\/p>\n<p style=\"text-align: right;\">There&#8217;s a comfortable lounge with a fire place. It&#8217;s a large and pleasant space practical throughout the entire year.\u00a0Several bundles of wood are available for the winter time, as there&#8217;s nothing like spending a cold evening in front of a crackling warm fire.<\/p>\n<p style=\"text-align: right;\">Next door there&#8217;s a small lounge room ideal for those who want to relax and listen to music in all intimacy.<\/p>\n<p>[\/et_pb_text][\/et_pb_column][et_pb_column type=&#8221;2_3&#8243;][et_pb_image admin_label=&#8221;Image&#8221; src=&#8221;https:\/\/www.nid-des-anges.fr\/wp-content\/uploads\/2014\/02\/salon-feu-1080&#215;720-w.jpg&#8221; url_new_window=&#8221;off&#8221; animation=&#8221;right&#8221; alt=&#8221;Image&#8221; \/][\/et_pb_column][\/et_pb_row][et_pb_row][et_pb_column type=&#8221;2_3&#8243;][et_pb_image admin_label=&#8221;Image&#8221; src=&#8221;https:\/\/www.nid-des-anges.fr\/wp-content\/uploads\/2014\/02\/salon-baie-1080&#215;720-w.jpg&#8221; url_new_window=&#8221;off&#8221; animation=&#8221;left&#8221; alt=&#8221;Image&#8221; \/][\/et_pb_column][et_pb_column type=&#8221;1_3&#8243;][et_pb_text admin_label=&#8221;Text&#8221; background_layout=&#8221;light&#8221; text_orientation=&#8221;left&#8221;]<\/p>\n<h3>On the first floor<\/h3>\n<p><span style=\"color: #ffffff;\">&#8211;<\/span><\/p>\n<p>There&#8217;s a lounge by the bay windows overlooking the valley, it&#8217;s the ideal place where to lie and enjoy the wonderful view. On the opposite side of the room, outside, overlooking the garden, there&#8217;s a covered balcony perfumed by the surrounding flowers, a cosy and well-ventilated area convenient for those who smoke.<\/p>\n<p>[\/et_pb_text][\/et_pb_column][\/et_pb_row][et_pb_row][et_pb_column type=&#8221;4_4&#8243;][et_pb_divider admin_label=&#8221;Divider&#8221; color=&#8221;#ffffff&#8221; show_divider=&#8221;off&#8221; height=&#8221;60&#8243; \/][\/et_pb_column][\/et_pb_row][et_pb_row][et_pb_column type=&#8221;1_4&#8243;][et_pb_blurb admin_label=&#8221;Blurb&#8221; title=&#8221;Welcome!&#8221; url_new_window=&#8221;off&#8221; image=&#8221;https:\/\/www.nid-des-anges.fr\/wp-content\/uploads\/2014\/02\/plan-large-1080&#215;720-w.jpg&#8221; animation=&#8221;top&#8221; background_layout=&#8221;light&#8221; text_orientation=&#8221;center&#8221; url=&#8221;https:\/\/www.nid-des-anges.fr\/en\/welcome\/&#8221; use_icon=&#8221;off&#8221; icon_color=&#8221;#7EBEC5&#8243; use_circle=&#8221;off&#8221; circle_color=&#8221;#7EBEC5&#8243; use_circle_border=&#8221;off&#8221; circle_border_color=&#8221;#7EBEC5&#8243; icon_placement=&#8221;top&#8221; \/][\/et_pb_column][et_pb_column type=&#8221;1_4&#8243;][et_pb_blurb admin_label=&#8221;Blurb&#8221; title=&#8221;The bedrooms&#8221; url=&#8221;https:\/\/www.nid-des-anges.fr\/en\/the-bedrooms\/&#8221; url_new_window=&#8221;off&#8221; image=&#8221;https:\/\/www.nid-des-anges.fr\/wp-content\/uploads\/2014\/02\/chambre-simple-1080&#215;720-w.jpg&#8221; alt=&#8221;Image&#8221; animation=&#8221;top&#8221; background_layout=&#8221;light&#8221; text_orientation=&#8221;center&#8221; \/][\/et_pb_column][et_pb_column type=&#8221;1_4&#8243;][et_pb_blurb admin_label=&#8221;Blurb&#8221; title=&#8221;Kitchen &amp; dining room&#8221; url=&#8221;https:\/\/www.nid-des-anges.fr\/en\/kitchen-dining-room\/&#8221; url_new_window=&#8221;off&#8221; image=&#8221;https:\/\/www.nid-des-anges.fr\/wp-content\/uploads\/2014\/02\/cuisine-pain-1080-w.jpg&#8221; alt=&#8221;Image&#8221; animation=&#8221;top&#8221; background_layout=&#8221;light&#8221; text_orientation=&#8221;center&#8221; \/][\/et_pb_column][et_pb_column type=&#8221;1_4&#8243;][et_pb_blurb admin_label=&#8221;Blurb&#8221; title=&#8221;The house&#8221; url=&#8221;https:\/\/www.nid-des-anges.fr\/en\/the-house\/&#8221; url_new_window=&#8221;off&#8221; image=&#8221;https:\/\/www.nid-des-anges.fr\/wp-content\/uploads\/2014\/02\/gite-arriere-1080-720-w.jpg&#8221; alt=&#8221;Image&#8221; animation=&#8221;top&#8221; background_layout=&#8221;light&#8221; text_orientation=&#8221;center&#8221; \/][\/et_pb_column][\/et_pb_row][\/et_pb_section]<\/p>\n","protected":false},"excerpt":{"rendered":"<p><div class=\"et_pb_row et_pb_row_0 et_pb_row_empty\">\n\t\t\t\t\n\t\t\t\t\n\t\t\t\t\n\t\t\t\t\n\t\t\t\t\n\t\t\t<\/div><div class=\"et_pb_row et_pb_row_1 et_pb_row_empty\">\n\t\t\t\t\n\t\t\t\t\n\t\t\t\t\n\t\t\t\t\n\t\t\t\t\n\t\t\t<\/div>Throughout the day-In the heart of the Nid des Anges house, the fireplace diffuses its warmth, entices you with its moving flames.\u00a0There are several lounges where\u00a0everyone can relax during the day. Whether it\u2019s listening to music, reading or resting, the lounges will be suitable to enjoy the moment.<div class=\"et_pb_row et_pb_row_2 et_pb_row_empty\">\n\t\t\t\t\n\t\t\t\t\n\t\t\t\t\n\t\t\t\t\n\t\t\t\t\n\t\t\t<\/div>On the ground floor-There&#8217;s a comfortable lounge with [&hellip;]<\/p>\n","protected":false},"author":1,"featured_media":0,"parent":1545,"menu_order":0,"comment_status":"open","ping_status":"open","template":"","meta":{"_et_pb_use_builder":"on","_et_pb_old_content":"<h1>Au gr\u00e9 de la journ\u00e9e<\/h1><p>Au coeur de la maison, une chemin\u00e9e diffuse sa chaleur et vous berce du spectacle de ses flammes. Plusieurs salons sont am\u00e9nag\u00e9s pour se d\u00e9tendre tout au long de la journ\u00e9e au gr\u00e9 de ses envies. Fl\u00e2neries m\u00e9lomanes, lecture ou sieste, tous les salons sont propices \u00e0 appr\u00e9cier le moment pr\u00e9sent.\u00a0<\/p><p><b>Au rez-de-chauss\u00e9e :<\/b><\/p><p>Le salon pr\u00e8s de la chemin\u00e9e est spacieux, tr\u00e8s confortable, et agr\u00e9able toute l\u2019ann\u00e9e. Des fagots de bois sont \u00e0 disposition, les cr\u00e9pitements et la chaleur incomparable du feu agr\u00e9menteront vos soir\u00e9es d\u2019hiver. Le salon est aussi ouvert sur un coin sofa plus intime qui comblera les audiophiles.\u00a0<\/p><p><b>A l\u2019\u00e9tage :<\/b><\/p><p>Venez contempler la vall\u00e9e sur la terrasse de la croix de St Andr\u00e9. Sa baie vitr\u00e9e vous permettra de b\u00e9n\u00e9ficier d\u2019une vue plongeante sur la nature. C\u00f4t\u00e9 jardin, un balcon couvert est parfum\u00e9 par des cascades de fleurs et autres plantations. Nos amis fumeurs appr\u00e9cieront ce salon am\u00e9nag\u00e9 et a\u00e9r\u00e9 pour le bien-\u00eatre de chacun.<\/p><p>\u00a0<\/p>","_et_gb_content_width":"","footnotes":""},"class_list":["post-1552","page","type-page","status-publish","hentry"],"yoast_head":"<!-- This site is optimized with the Yoast SEO plugin v27.6 - https:\/\/yoast.com\/product\/yoast-seo-wordpress\/ -->\n<title>The lounges \u2022 Le Nid des Anges<\/title>\n<meta name=\"robots\" content=\"index, follow, max-snippet:-1, max-image-preview:large, max-video-preview:-1\" \/>\n<link rel=\"canonical\" href=\"https:\/\/www.nid-des-anges.fr\/en\/the-lounges\/\" \/>\n<meta property=\"og:locale\" content=\"en_US\" \/>\n<meta property=\"og:type\" content=\"article\" \/>\n<meta property=\"og:title\" content=\"The lounges \u2022 Le Nid des Anges\" \/>\n<meta property=\"og:url\" content=\"https:\/\/www.nid-des-anges.fr\/en\/the-lounges\/\" \/>\n<meta property=\"og:site_name\" content=\"Le Nid des Anges\" \/>\n<meta property=\"article:publisher\" content=\"https:\/\/www.facebook.com\/pages\/Le-Nid-des-Anges-Ard%c3%a8che\/125505614186123?ref=hl\" \/>\n<meta property=\"article:modified_time\" content=\"2014-05-26T11:53:51+00:00\" \/>\n<meta name=\"twitter:card\" content=\"summary_large_image\" \/>\n<meta name=\"twitter:label1\" content=\"Est. reading time\" \/>\n\t<meta name=\"twitter:data1\" content=\"3 minutes\" \/>\n<script type=\"application\/ld+json\" class=\"yoast-schema-graph\">{\"@context\":\"https:\\\/\\\/schema.org\",\"@graph\":[{\"@type\":\"WebPage\",\"@id\":\"https:\\\/\\\/www.nid-des-anges.fr\\\/en\\\/the-lounges\\\/\",\"url\":\"https:\\\/\\\/www.nid-des-anges.fr\\\/en\\\/the-lounges\\\/\",\"name\":\"The lounges \u2022 Le Nid des Anges\",\"isPartOf\":{\"@id\":\"https:\\\/\\\/www.nid-des-anges.fr\\\/#website\"},\"datePublished\":\"2014-04-02T13:46:27+00:00\",\"dateModified\":\"2014-05-26T11:53:51+00:00\",\"breadcrumb\":{\"@id\":\"https:\\\/\\\/www.nid-des-anges.fr\\\/en\\\/the-lounges\\\/#breadcrumb\"},\"inLanguage\":\"en-US\",\"potentialAction\":[{\"@type\":\"ReadAction\",\"target\":[\"https:\\\/\\\/www.nid-des-anges.fr\\\/en\\\/the-lounges\\\/\"]}]},{\"@type\":\"BreadcrumbList\",\"@id\":\"https:\\\/\\\/www.nid-des-anges.fr\\\/en\\\/the-lounges\\\/#breadcrumb\",\"itemListElement\":[{\"@type\":\"ListItem\",\"position\":1,\"name\":\"Accueil\",\"item\":\"https:\\\/\\\/www.nid-des-anges.fr\\\/en\\\/\"},{\"@type\":\"ListItem\",\"position\":2,\"name\":\"The lounges\"}]},{\"@type\":\"WebSite\",\"@id\":\"https:\\\/\\\/www.nid-des-anges.fr\\\/#website\",\"url\":\"https:\\\/\\\/www.nid-des-anges.fr\\\/\",\"name\":\"Le Nid des Anges\",\"description\":\"S\u00e9jours de bien-\u00eatre en Sud Ard\u00e8che\",\"potentialAction\":[{\"@type\":\"SearchAction\",\"target\":{\"@type\":\"EntryPoint\",\"urlTemplate\":\"https:\\\/\\\/www.nid-des-anges.fr\\\/?s={search_term_string}\"},\"query-input\":{\"@type\":\"PropertyValueSpecification\",\"valueRequired\":true,\"valueName\":\"search_term_string\"}}],\"inLanguage\":\"en-US\"}]}<\/script>\n<!-- \/ Yoast SEO plugin. -->","yoast_head_json":{"title":"The lounges \u2022 Le Nid des Anges","robots":{"index":"index","follow":"follow","max-snippet":"max-snippet:-1","max-image-preview":"max-image-preview:large","max-video-preview":"max-video-preview:-1"},"canonical":"https:\/\/www.nid-des-anges.fr\/en\/the-lounges\/","og_locale":"en_US","og_type":"article","og_title":"The lounges \u2022 Le Nid des Anges","og_url":"https:\/\/www.nid-des-anges.fr\/en\/the-lounges\/","og_site_name":"Le Nid des Anges","article_publisher":"https:\/\/www.facebook.com\/pages\/Le-Nid-des-Anges-Ard%c3%a8che\/125505614186123?ref=hl","article_modified_time":"2014-05-26T11:53:51+00:00","twitter_card":"summary_large_image","twitter_misc":{"Est. reading time":"3 minutes"},"schema":{"@context":"https:\/\/schema.org","@graph":[{"@type":"WebPage","@id":"https:\/\/www.nid-des-anges.fr\/en\/the-lounges\/","url":"https:\/\/www.nid-des-anges.fr\/en\/the-lounges\/","name":"The lounges \u2022 Le Nid des Anges","isPartOf":{"@id":"https:\/\/www.nid-des-anges.fr\/#website"},"datePublished":"2014-04-02T13:46:27+00:00","dateModified":"2014-05-26T11:53:51+00:00","breadcrumb":{"@id":"https:\/\/www.nid-des-anges.fr\/en\/the-lounges\/#breadcrumb"},"inLanguage":"en-US","potentialAction":[{"@type":"ReadAction","target":["https:\/\/www.nid-des-anges.fr\/en\/the-lounges\/"]}]},{"@type":"BreadcrumbList","@id":"https:\/\/www.nid-des-anges.fr\/en\/the-lounges\/#breadcrumb","itemListElement":[{"@type":"ListItem","position":1,"name":"Accueil","item":"https:\/\/www.nid-des-anges.fr\/en\/"},{"@type":"ListItem","position":2,"name":"The lounges"}]},{"@type":"WebSite","@id":"https:\/\/www.nid-des-anges.fr\/#website","url":"https:\/\/www.nid-des-anges.fr\/","name":"Le Nid des Anges","description":"S\u00e9jours de bien-\u00eatre en Sud Ard\u00e8che","potentialAction":[{"@type":"SearchAction","target":{"@type":"EntryPoint","urlTemplate":"https:\/\/www.nid-des-anges.fr\/?s={search_term_string}"},"query-input":{"@type":"PropertyValueSpecification","valueRequired":true,"valueName":"search_term_string"}}],"inLanguage":"en-US"}]}},"jetpack_sharing_enabled":true,"_links":{"self":[{"href":"https:\/\/www.nid-des-anges.fr\/en\/wp-json\/wp\/v2\/pages\/1552","targetHints":{"allow":["GET"]}}],"collection":[{"href":"https:\/\/www.nid-des-anges.fr\/en\/wp-json\/wp\/v2\/pages"}],"about":[{"href":"https:\/\/www.nid-des-anges.fr\/en\/wp-json\/wp\/v2\/types\/page"}],"author":[{"embeddable":true,"href":"https:\/\/www.nid-des-anges.fr\/en\/wp-json\/wp\/v2\/users\/1"}],"replies":[{"embeddable":true,"href":"https:\/\/www.nid-des-anges.fr\/en\/wp-json\/wp\/v2\/comments?post=1552"}],"version-history":[{"count":0,"href":"https:\/\/www.nid-des-anges.fr\/en\/wp-json\/wp\/v2\/pages\/1552\/revisions"}],"up":[{"embeddable":true,"href":"https:\/\/www.nid-des-anges.fr\/en\/wp-json\/wp\/v2\/pages\/1545"}],"wp:attachment":[{"href":"https:\/\/www.nid-des-anges.fr\/en\/wp-json\/wp\/v2\/media?parent=1552"}],"curies":[{"name":"wp","href":"https:\/\/api.w.org\/{rel}","templated":true}]}}