{"id":1567,"date":"2014-04-02T16:33:36","date_gmt":"2014-04-02T15:33:36","guid":{"rendered":"https:\/\/www.nid-des-anges.fr\/?page_id=1567"},"modified":"2014-05-23T13:27:39","modified_gmt":"2014-05-23T12:27:39","slug":"the-bedrooms","status":"publish","type":"page","link":"https:\/\/www.nid-des-anges.fr\/en\/welcome\/the-bedrooms\/","title":{"rendered":"The bedrooms"},"content":{"rendered":"<p>[et_pb_section][et_pb_row][et_pb_column type=&#8221;4_4&#8243;][et_pb_blurb admin_label=&#8221;Titre&#8221; url_new_window=&#8221;off&#8221; image=&#8221;https:\/\/www.nid-des-anges.fr\/wp-content\/uploads\/2014\/04\/the-bedrooms-600&#215;100.png&#8221; alt=&#8221;Titre&#8221; animation=&#8221;top&#8221; background_layout=&#8221;light&#8221; text_orientation=&#8221;center&#8221; \/][\/et_pb_column][\/et_pb_row][et_pb_row][et_pb_column type=&#8221;2_3&#8243;][et_pb_image admin_label=&#8221;Image&#8221; src=&#8221;https:\/\/www.nid-des-anges.fr\/wp-content\/uploads\/2014\/02\/chambre-simple-1080&#215;720-w.jpg&#8221; alt=&#8221;Image&#8221; url_new_window=&#8221;off&#8221; animation=&#8221;left&#8221; \/][\/et_pb_column][et_pb_column type=&#8221;1_3&#8243;][et_pb_text admin_label=&#8221;Text&#8221; background_layout=&#8221;light&#8221; text_orientation=&#8221;left&#8221;]<\/p>\n<h1>Sweet nights<\/h1>\n<p><span style=\"color: #ffffff;\">&#8211; <\/span><\/p>\n<p><strong>The house has four bedrooms, soberly decorated and well tempered.\u00a0The calming atmosphere and the comfortable beds will allow your night sleeps to be reinvigorating and very well appreciated.\u00a0<\/strong><\/p>\n<p>Organisation of the bedrooms and beds:<\/p>\n<p>The bedroom located on the ground floor is ideally placed to welcome people who may have restricted mobility. While on the first floor, there are three modular bedrooms of differing capacities.<\/p>\n<p>[\/et_pb_text][\/et_pb_column][\/et_pb_row][et_pb_row][et_pb_column type=&#8221;1_3&#8243;][et_pb_text admin_label=&#8221;Text&#8221; background_layout=&#8221;light&#8221; text_orientation=&#8221;right&#8221;]<\/p>\n<h4>On the ground floor:<\/h4>\n<p>1 bedroom with a super king size bed\u00a0for 2 people.<\/p>\n<p><span style=\"color: #ffffff;\">&#8211;<\/span><\/p>\n<h4>On the first floor:<\/h4>\n<p>1 bedroom with a super king size bed for 2 people and a single bed for 1 person.<\/p>\n<p>1 bedroom with 2 single beds for 2 people.<\/p>\n<p>1 bedroom with 5 single beds for 5 people.<\/p>\n<p><span style=\"color: #ffffff;\">&#8211;<\/span><\/p>\n<p>Single bed: 90X200cm &#8211; Super king size bed: 180X200cm<\/p>\n<p>[\/et_pb_text][\/et_pb_column][et_pb_column type=&#8221;2_3&#8243;][et_pb_image admin_label=&#8221;Image&#8221; src=&#8221;https:\/\/www.nid-des-anges.fr\/wp-content\/uploads\/2014\/02\/chambre-double-1080&#215;720-w.jpg&#8221; alt=&#8221;Image&#8221; url_new_window=&#8221;off&#8221; animation=&#8221;right&#8221; \/][\/et_pb_column][\/et_pb_row][et_pb_row][et_pb_column type=&#8221;2_3&#8243;][et_pb_image admin_label=&#8221;Image&#8221; src=&#8221;https:\/\/www.nid-des-anges.fr\/wp-content\/uploads\/2014\/02\/sdb-1080&#215;720-w.jpg&#8221; alt=&#8221;Image&#8221; url_new_window=&#8221;off&#8221; animation=&#8221;left&#8221; \/][\/et_pb_column][et_pb_column type=&#8221;1_3&#8243;][et_pb_text admin_label=&#8221;Text&#8221; background_layout=&#8221;light&#8221; text_orientation=&#8221;left&#8221;]<\/p>\n<h3>The bathrooms<\/h3>\n<p><span style=\"color: #ffffff;\">&#8211; <\/span><\/p>\n<p>On the ground floor there\u2019s a bathroom with washbasin, large Italian shower and toilet. This room is suitable for those with restricted mobility.<\/p>\n<p>On the first floor there&#8217;s a bathroom with Italian shower and a separate toilet.<\/p>\n<p>Provided are Eco-friendly toiletries and bathroom towels.<\/p>\n<p>[\/et_pb_text][\/et_pb_column][\/et_pb_row][et_pb_row][et_pb_column type=&#8221;4_4&#8243;][et_pb_divider admin_label=&#8221;Divider&#8221; color=&#8221;#ffffff&#8221; show_divider=&#8221;off&#8221; height=&#8221;60&#8243; \/][\/et_pb_column][\/et_pb_row][et_pb_row][et_pb_column type=&#8221;1_4&#8243;][et_pb_blurb admin_label=&#8221;Blurb&#8221; title=&#8221;Welcome!&#8221; url=&#8221;https:\/\/www.nid-des-anges.fr\/en\/welcome\/&#8221; url_new_window=&#8221;off&#8221; image=&#8221;https:\/\/www.nid-des-anges.fr\/wp-content\/uploads\/2014\/02\/plan-large-1080&#215;720-w.jpg&#8221; animation=&#8221;top&#8221; background_layout=&#8221;light&#8221; text_orientation=&#8221;center&#8221; use_icon=&#8221;off&#8221; icon_color=&#8221;#7EBEC5&#8243; use_circle=&#8221;off&#8221; circle_color=&#8221;#7EBEC5&#8243; use_circle_border=&#8221;off&#8221; circle_border_color=&#8221;#7EBEC5&#8243; icon_placement=&#8221;top&#8221; \/][\/et_pb_column][et_pb_column type=&#8221;1_4&#8243;][et_pb_blurb admin_label=&#8221;Blurb&#8221; title=&#8221;The lounges&#8221; url=&#8221;https:\/\/www.nid-des-anges.fr\/en\/the-lounges\/&#8221; url_new_window=&#8221;off&#8221; image=&#8221;https:\/\/www.nid-des-anges.fr\/wp-content\/uploads\/2014\/02\/salon-large-1080&#215;720-w.jpg&#8221; alt=&#8221;Image&#8221; animation=&#8221;top&#8221; background_layout=&#8221;light&#8221; text_orientation=&#8221;center&#8221; \/][\/et_pb_column][et_pb_column type=&#8221;1_4&#8243;][et_pb_blurb admin_label=&#8221;Blurb&#8221; title=&#8221;Kitchen &amp; dining room&#8221; url=&#8221;https:\/\/www.nid-des-anges.fr\/en\/kitchen-dining-room\/&#8221; url_new_window=&#8221;off&#8221; image=&#8221;https:\/\/www.nid-des-anges.fr\/wp-content\/uploads\/2014\/02\/cuisine-pain-1080-w.jpg&#8221; alt=&#8221;Image&#8221; animation=&#8221;top&#8221; background_layout=&#8221;light&#8221; text_orientation=&#8221;center&#8221; \/][\/et_pb_column][et_pb_column type=&#8221;1_4&#8243;][et_pb_blurb admin_label=&#8221;Blurb&#8221; title=&#8221;The house&#8221; url=&#8221;https:\/\/www.nid-des-anges.fr\/en\/the-house\/&#8221; url_new_window=&#8221;off&#8221; image=&#8221;https:\/\/www.nid-des-anges.fr\/wp-content\/uploads\/2014\/02\/gite-arriere-1080-720-w.jpg&#8221; alt=&#8221;Image&#8221; animation=&#8221;top&#8221; background_layout=&#8221;light&#8221; text_orientation=&#8221;center&#8221; \/][\/et_pb_column][\/et_pb_row][\/et_pb_section]<\/p>\n","protected":false},"excerpt":{"rendered":"<p><div class=\"et_pb_section et_pb_section_0 et_section_regular\" >\n\t\t\t\t\n\t\t\t\t\n\t\t\t\t\n\t\t\t\t\n\t\t\t\t\n\t\t\t\t\n\t\t\t\t\n\t\t\t\t\n\t\t\t\t\n\t\t\t<\/div><div class=\"et_pb_row et_pb_row_0 et_pb_row_empty\">\n\t\t\t\t\n\t\t\t\t\n\t\t\t\t\n\t\t\t\t\n\t\t\t\t\n\t\t\t<\/div><div class=\"et_pb_row et_pb_row_1 et_pb_row_empty\">\n\t\t\t\t\n\t\t\t\t\n\t\t\t\t\n\t\t\t\t\n\t\t\t\t\n\t\t\t<\/div> Sweet nights &#8211; The house has four bedrooms, soberly decorated and well tempered.\u00a0The calming atmosphere and the comfortable beds will allow your night sleeps to be reinvigorating and very well appreciated.\u00a0 Organisation of the bedrooms and beds: The bedroom located on the ground floor is ideally placed to welcome people who may have restricted [&hellip;]<\/p>\n","protected":false},"author":1,"featured_media":0,"parent":1545,"menu_order":0,"comment_status":"open","ping_status":"open","template":"","meta":{"_et_pb_use_builder":"on","_et_pb_old_content":"<p>Douces nuits\u2026\u00a0<\/p><p>[Le g\u00eete comprend]\u00a0Quatre chambres temp\u00e9r\u00e9es et d\u00e9cor\u00e9es sobrement, afin que vos nuits soient b\u00e9n\u00e9fiques. L\u2019atmosph\u00e8re apaisante du lieu et le confort de la literie naturelle procurent un sommeil r\u00e9g\u00e9n\u00e9rant tr\u00e8s appr\u00e9ciable.\u00a0<\/p><p>\u00a0<\/p><p>La r\u00e9partition des chambres et des lits : La chambre se situant au rez-de-chauss\u00e9e permet un acc\u00e8s ais\u00e9 aux personnes ayant des difficult\u00e9s de mobilit\u00e9. A l\u2019\u00e9tage, trois chambres de capacit\u00e9 modulable promettent de douces nuits au nid des Anges. \u00a0<\/p><p>\u00a0<\/p><p><b>Au rez-de-chauss\u00e9e :<\/b><\/p><p>\u2022\u00a01 chambre avec 1 grand lit* pour 2 personnes.<\/p><p>\u00a0<\/p><p><b>A l\u2019\u00e9tage :<\/b><\/p><p>\u2022\u00a01 chambre avec 1 grand lit* pour 2 personnes<\/p><p>et 1 petit lit* pour 1 personne.<\/p><p>\u00a0<\/p><p>\u2022\u00a01 chambre avec 2 petits lits* pour 2 personnes\u00a0<\/p><p>\u00a0<\/p><p>\u2022\u00a01 chambre avec 3 petits lits* pour 3 personnes<\/p><p>\u00a0<\/p><p>* Petit lit : 90 x 200 cm - Grand lit : 180 x 200 cm.<\/p><p>[UTILISER LIT DOUBLE ET LIT SIMPLE AU LIEU DE GRAND ET PETIT]<\/p><p>\u00a0<\/p><p>Deux charmantes salles de bains sont \u00e0 votre disposition lors de votre s\u00e9jour, elles r\u00e9pondent \u00e0 vos attentes et aux exigences de l\u2019environnement.\u00a0<\/p><p>\u00a0<\/p><p>Une salle d\u2019eau \u00e9quip\u00e9e d\u2019une douche et de wc privatifs se situe au rez -de-chauss\u00e9e. Cette pi\u00e8ce convient particuli\u00e8rement aux personnes ayant des difficult\u00e9s de mobilit\u00e9.\u00a0<\/p><p>\u00a0<\/p><p>A l\u2019\u00e9tage, une seconde salle de bains avec douche \u00e0 l\u2019italienne vous invite au pr\u00e9lassement et au d\u00e9paysement. Les toilettes sont ici ind\u00e9pendantes de la salle d\u2019eau.\u00a0<\/p><p>\u00a0<\/p><p>Le linge de bains est fourni ainsi que les produits de bains bio.\u00a0<\/p><p>\u00a0<\/p>","_et_gb_content_width":"","footnotes":""},"class_list":["post-1567","page","type-page","status-publish","hentry"],"yoast_head":"<!-- This site is optimized with the Yoast SEO plugin v27.6 - https:\/\/yoast.com\/product\/yoast-seo-wordpress\/ -->\n<title>The bedrooms \u2022 Le Nid des Anges<\/title>\n<meta name=\"robots\" content=\"index, follow, max-snippet:-1, max-image-preview:large, max-video-preview:-1\" \/>\n<link rel=\"canonical\" href=\"https:\/\/www.nid-des-anges.fr\/en\/the-bedrooms\/\" \/>\n<meta property=\"og:locale\" content=\"en_US\" \/>\n<meta property=\"og:type\" content=\"article\" \/>\n<meta property=\"og:title\" content=\"The bedrooms \u2022 Le Nid des Anges\" \/>\n<meta property=\"og:url\" content=\"https:\/\/www.nid-des-anges.fr\/en\/the-bedrooms\/\" \/>\n<meta property=\"og:site_name\" content=\"Le Nid des Anges\" \/>\n<meta property=\"article:publisher\" content=\"https:\/\/www.facebook.com\/pages\/Le-Nid-des-Anges-Ard%c3%a8che\/125505614186123?ref=hl\" \/>\n<meta property=\"article:modified_time\" content=\"2014-05-23T12:27:39+00:00\" \/>\n<meta name=\"twitter:card\" content=\"summary_large_image\" \/>\n<meta name=\"twitter:label1\" content=\"Est. reading time\" \/>\n\t<meta name=\"twitter:data1\" content=\"3 minutes\" \/>\n<script type=\"application\/ld+json\" class=\"yoast-schema-graph\">{\"@context\":\"https:\\\/\\\/schema.org\",\"@graph\":[{\"@type\":\"WebPage\",\"@id\":\"https:\\\/\\\/www.nid-des-anges.fr\\\/en\\\/the-bedrooms\\\/\",\"url\":\"https:\\\/\\\/www.nid-des-anges.fr\\\/en\\\/the-bedrooms\\\/\",\"name\":\"The bedrooms \u2022 Le Nid des Anges\",\"isPartOf\":{\"@id\":\"https:\\\/\\\/www.nid-des-anges.fr\\\/#website\"},\"datePublished\":\"2014-04-02T15:33:36+00:00\",\"dateModified\":\"2014-05-23T12:27:39+00:00\",\"breadcrumb\":{\"@id\":\"https:\\\/\\\/www.nid-des-anges.fr\\\/en\\\/the-bedrooms\\\/#breadcrumb\"},\"inLanguage\":\"en-US\",\"potentialAction\":[{\"@type\":\"ReadAction\",\"target\":[\"https:\\\/\\\/www.nid-des-anges.fr\\\/en\\\/the-bedrooms\\\/\"]}]},{\"@type\":\"BreadcrumbList\",\"@id\":\"https:\\\/\\\/www.nid-des-anges.fr\\\/en\\\/the-bedrooms\\\/#breadcrumb\",\"itemListElement\":[{\"@type\":\"ListItem\",\"position\":1,\"name\":\"Accueil\",\"item\":\"https:\\\/\\\/www.nid-des-anges.fr\\\/en\\\/\"},{\"@type\":\"ListItem\",\"position\":2,\"name\":\"The bedrooms\"}]},{\"@type\":\"WebSite\",\"@id\":\"https:\\\/\\\/www.nid-des-anges.fr\\\/#website\",\"url\":\"https:\\\/\\\/www.nid-des-anges.fr\\\/\",\"name\":\"Le Nid des Anges\",\"description\":\"S\u00e9jours de bien-\u00eatre en Sud Ard\u00e8che\",\"potentialAction\":[{\"@type\":\"SearchAction\",\"target\":{\"@type\":\"EntryPoint\",\"urlTemplate\":\"https:\\\/\\\/www.nid-des-anges.fr\\\/?s={search_term_string}\"},\"query-input\":{\"@type\":\"PropertyValueSpecification\",\"valueRequired\":true,\"valueName\":\"search_term_string\"}}],\"inLanguage\":\"en-US\"}]}<\/script>\n<!-- \/ Yoast SEO plugin. -->","yoast_head_json":{"title":"The bedrooms \u2022 Le Nid des Anges","robots":{"index":"index","follow":"follow","max-snippet":"max-snippet:-1","max-image-preview":"max-image-preview:large","max-video-preview":"max-video-preview:-1"},"canonical":"https:\/\/www.nid-des-anges.fr\/en\/the-bedrooms\/","og_locale":"en_US","og_type":"article","og_title":"The bedrooms \u2022 Le Nid des Anges","og_url":"https:\/\/www.nid-des-anges.fr\/en\/the-bedrooms\/","og_site_name":"Le Nid des Anges","article_publisher":"https:\/\/www.facebook.com\/pages\/Le-Nid-des-Anges-Ard%c3%a8che\/125505614186123?ref=hl","article_modified_time":"2014-05-23T12:27:39+00:00","twitter_card":"summary_large_image","twitter_misc":{"Est. reading time":"3 minutes"},"schema":{"@context":"https:\/\/schema.org","@graph":[{"@type":"WebPage","@id":"https:\/\/www.nid-des-anges.fr\/en\/the-bedrooms\/","url":"https:\/\/www.nid-des-anges.fr\/en\/the-bedrooms\/","name":"The bedrooms \u2022 Le Nid des Anges","isPartOf":{"@id":"https:\/\/www.nid-des-anges.fr\/#website"},"datePublished":"2014-04-02T15:33:36+00:00","dateModified":"2014-05-23T12:27:39+00:00","breadcrumb":{"@id":"https:\/\/www.nid-des-anges.fr\/en\/the-bedrooms\/#breadcrumb"},"inLanguage":"en-US","potentialAction":[{"@type":"ReadAction","target":["https:\/\/www.nid-des-anges.fr\/en\/the-bedrooms\/"]}]},{"@type":"BreadcrumbList","@id":"https:\/\/www.nid-des-anges.fr\/en\/the-bedrooms\/#breadcrumb","itemListElement":[{"@type":"ListItem","position":1,"name":"Accueil","item":"https:\/\/www.nid-des-anges.fr\/en\/"},{"@type":"ListItem","position":2,"name":"The bedrooms"}]},{"@type":"WebSite","@id":"https:\/\/www.nid-des-anges.fr\/#website","url":"https:\/\/www.nid-des-anges.fr\/","name":"Le Nid des Anges","description":"S\u00e9jours de bien-\u00eatre en Sud Ard\u00e8che","potentialAction":[{"@type":"SearchAction","target":{"@type":"EntryPoint","urlTemplate":"https:\/\/www.nid-des-anges.fr\/?s={search_term_string}"},"query-input":{"@type":"PropertyValueSpecification","valueRequired":true,"valueName":"search_term_string"}}],"inLanguage":"en-US"}]}},"jetpack_sharing_enabled":true,"_links":{"self":[{"href":"https:\/\/www.nid-des-anges.fr\/en\/wp-json\/wp\/v2\/pages\/1567","targetHints":{"allow":["GET"]}}],"collection":[{"href":"https:\/\/www.nid-des-anges.fr\/en\/wp-json\/wp\/v2\/pages"}],"about":[{"href":"https:\/\/www.nid-des-anges.fr\/en\/wp-json\/wp\/v2\/types\/page"}],"author":[{"embeddable":true,"href":"https:\/\/www.nid-des-anges.fr\/en\/wp-json\/wp\/v2\/users\/1"}],"replies":[{"embeddable":true,"href":"https:\/\/www.nid-des-anges.fr\/en\/wp-json\/wp\/v2\/comments?post=1567"}],"version-history":[{"count":0,"href":"https:\/\/www.nid-des-anges.fr\/en\/wp-json\/wp\/v2\/pages\/1567\/revisions"}],"up":[{"embeddable":true,"href":"https:\/\/www.nid-des-anges.fr\/en\/wp-json\/wp\/v2\/pages\/1545"}],"wp:attachment":[{"href":"https:\/\/www.nid-des-anges.fr\/en\/wp-json\/wp\/v2\/media?parent=1567"}],"curies":[{"name":"wp","href":"https:\/\/api.w.org\/{rel}","templated":true}]}}