{"id":1575,"date":"2014-04-02T16:51:23","date_gmt":"2014-04-02T15:51:23","guid":{"rendered":"https:\/\/www.nid-des-anges.fr\/?page_id=1575"},"modified":"2014-05-23T13:30:27","modified_gmt":"2014-05-23T12:30:27","slug":"the-house","status":"publish","type":"page","link":"https:\/\/www.nid-des-anges.fr\/en\/welcome\/the-house\/","title":{"rendered":"The house"},"content":{"rendered":"<p>[et_pb_section][et_pb_row][et_pb_column type=&#8221;4_4&#8243;][et_pb_blurb admin_label=&#8221;Blurb&#8221; url_new_window=&#8221;off&#8221; image=&#8221;https:\/\/www.nid-des-anges.fr\/wp-content\/uploads\/2014\/04\/the-house-600&#215;100.png&#8221; animation=&#8221;top&#8221; background_layout=&#8221;light&#8221; text_orientation=&#8221;center&#8221; \/][\/et_pb_column][\/et_pb_row][et_pb_row][et_pb_column type=&#8221;2_3&#8243;][et_pb_image admin_label=&#8221;Image&#8221; src=&#8221;https:\/\/www.nid-des-anges.fr\/wp-content\/uploads\/2014\/02\/gite-arriere-1080-720-w.jpg&#8221; alt=&#8221;Image&#8221; url_new_window=&#8221;off&#8221; animation=&#8221;left&#8221; show_in_lightbox=&#8221;off&#8221; \/][\/et_pb_column][et_pb_column type=&#8221;1_3&#8243;][et_pb_text admin_label=&#8221;Text&#8221; background_layout=&#8221;light&#8221; text_orientation=&#8221;left&#8221;]<\/p>\n<h1>Well being and ecology<\/h1>\n<p><span style=\"color: #ffffff;\">&#8211;<\/span><\/p>\n<p><strong>The Nid des Anges is a place in harmony with its environment that will allow you to discover the word &#8216;nature&#8217; and all its wonders.<\/strong><\/p>\n<p>The Nid des Anges is an Eco-friendly house built with natural materials such as wood, straw and clay.\u00a0Each room of the house has its personality.\u00a0Its surface of 240m\u00b2 on two levels is able to welcome up to 15 people.<\/p>\n<p>[\/et_pb_text][\/et_pb_column][\/et_pb_row][et_pb_row][et_pb_column type=&#8221;1_3&#8243;][et_pb_text admin_label=&#8221;Text&#8221; background_layout=&#8221;light&#8221; text_orientation=&#8221;right&#8221;]<\/p>\n<p>The kitchen, completely kitted, is spacious and practical.<\/p>\n<p>The house has four bedrooms, soberly decorated and well tempered.\u00a0The calming atmosphere and the comfortable beds will allow your night sleeps to be reinvigorating and very well appreciated.\u00a0The bedroom located on the ground floor is placed to welcome people with restricted mobility.<\/p>\n<p>The house has two beautiful bathrooms, they will answer all your needs and while respecting those of the environment, thanks to the eco-friendly built.<\/p>\n<p>[\/et_pb_text][\/et_pb_column][et_pb_column type=&#8221;2_3&#8243;][et_pb_image admin_label=&#8221;Image&#8221; src=&#8221;https:\/\/www.nid-des-anges.fr\/wp-content\/uploads\/2014\/02\/salleamanger-1080&#215;720-w.jpg&#8221; alt=&#8221;Image&#8221; url_new_window=&#8221;off&#8221; animation=&#8221;right&#8221; \/][\/et_pb_column][\/et_pb_row][et_pb_row][et_pb_column type=&#8221;2_3&#8243;][et_pb_image admin_label=&#8221;Image&#8221; src=&#8221;https:\/\/www.nid-des-anges.fr\/wp-content\/uploads\/2014\/02\/salon-lecture-1080&#215;720-w.jpg&#8221; alt=&#8221;Image&#8221; url_new_window=&#8221;off&#8221; animation=&#8221;left&#8221; \/][\/et_pb_column][et_pb_column type=&#8221;1_3&#8243;][et_pb_text admin_label=&#8221;Text&#8221; background_layout=&#8221;light&#8221; text_orientation=&#8221;left&#8221;]<\/p>\n<p>There are four lounges available to use.\u00a0Ideal for reading, lounging in front of the fire place, admiring the green valley or enjoying music.<\/p>\n<p>Everything is possible.<\/p>\n<p>[\/et_pb_text][\/et_pb_column][\/et_pb_row][et_pb_row][et_pb_column type=&#8221;4_4&#8243;][et_pb_divider admin_label=&#8221;Divider&#8221; color=&#8221;#ffffff&#8221; show_divider=&#8221;off&#8221; height=&#8221;60&#8243; \/][\/et_pb_column][\/et_pb_row][et_pb_row][et_pb_column type=&#8221;1_4&#8243;][et_pb_blurb admin_label=&#8221;Blurb&#8221; title=&#8221;Welcome!&#8221; url_new_window=&#8221;off&#8221; image=&#8221;https:\/\/www.nid-des-anges.fr\/wp-content\/uploads\/2014\/02\/plan-large-1080&#215;720-w.jpg&#8221; animation=&#8221;top&#8221; background_layout=&#8221;light&#8221; text_orientation=&#8221;center&#8221; url=&#8221;https:\/\/www.nid-des-anges.fr\/en\/welcome\/&#8221; use_icon=&#8221;off&#8221; icon_color=&#8221;#7EBEC5&#8243; use_circle=&#8221;off&#8221; circle_color=&#8221;#7EBEC5&#8243; use_circle_border=&#8221;off&#8221; circle_border_color=&#8221;#7EBEC5&#8243; icon_placement=&#8221;top&#8221; \/][\/et_pb_column][et_pb_column type=&#8221;1_4&#8243;][et_pb_blurb admin_label=&#8221;Blurb&#8221; title=&#8221;The lounges&#8221; url_new_window=&#8221;off&#8221; image=&#8221;https:\/\/www.nid-des-anges.fr\/wp-content\/uploads\/2014\/02\/salon-large-1080&#215;720-w.jpg&#8221; animation=&#8221;top&#8221; background_layout=&#8221;light&#8221; text_orientation=&#8221;center&#8221; url=&#8221;https:\/\/www.nid-des-anges.fr\/en\/the-lounges\/&#8221; \/][\/et_pb_column][et_pb_column type=&#8221;1_4&#8243;][et_pb_blurb admin_label=&#8221;Blurb&#8221; title=&#8221;The bedrooms&#8221; url_new_window=&#8221;off&#8221; image=&#8221;https:\/\/www.nid-des-anges.fr\/wp-content\/uploads\/2014\/02\/chambre-simple-1080&#215;720-w.jpg&#8221; animation=&#8221;top&#8221; background_layout=&#8221;light&#8221; text_orientation=&#8221;center&#8221; url=&#8221;https:\/\/www.nid-des-anges.fr\/en\/the-bedrooms\/&#8221; \/][\/et_pb_column][et_pb_column type=&#8221;1_4&#8243;][et_pb_blurb admin_label=&#8221;Blurb&#8221; title=&#8221;Kitchen &amp; dining room&#8221; url_new_window=&#8221;off&#8221; image=&#8221;https:\/\/www.nid-des-anges.fr\/wp-content\/uploads\/2014\/02\/cuisine-pain-1080-w.jpg&#8221; animation=&#8221;top&#8221; background_layout=&#8221;light&#8221; text_orientation=&#8221;center&#8221; url=&#8221;https:\/\/www.nid-des-anges.fr\/en\/kitchen-dining-room\/&#8221; \/][\/et_pb_column][\/et_pb_row][\/et_pb_section]<\/p>\n","protected":false},"excerpt":{"rendered":"<p><div class=\"et_pb_section et_pb_section_0 et_section_regular\" >\n\t\t\t\t\n\t\t\t\t\n\t\t\t\t\n\t\t\t\t\n\t\t\t\t\n\t\t\t\t\n\t\t\t\t\n\t\t\t\t\n\t\t\t\t\n\t\t\t<\/div><div class=\"et_pb_row et_pb_row_0 et_pb_row_empty\">\n\t\t\t\t\n\t\t\t\t\n\t\t\t\t\n\t\t\t\t\n\t\t\t\t\n\t\t\t<\/div><div class=\"et_pb_row et_pb_row_1 et_pb_row_empty\">\n\t\t\t\t\n\t\t\t\t\n\t\t\t\t\n\t\t\t\t\n\t\t\t\t\n\t\t\t<\/div>Well being and ecology-The Nid des Anges is a place in harmony with its environment that will allow you to discover the word &#8216;nature&#8217; and all its wonders.The Nid des Anges is an Eco-friendly house built with natural materials such as wood, straw and clay.\u00a0Each room of the house has its personality.\u00a0Its surface of 240m\u00b2 [&hellip;]<\/p>\n","protected":false},"author":1,"featured_media":0,"parent":1545,"menu_order":0,"comment_status":"open","ping_status":"open","template":"","meta":{"_et_pb_use_builder":"on","_et_pb_old_content":"","_et_gb_content_width":"","footnotes":""},"class_list":["post-1575","page","type-page","status-publish","hentry"],"yoast_head":"<!-- This site is optimized with the Yoast SEO plugin v27.6 - https:\/\/yoast.com\/product\/yoast-seo-wordpress\/ -->\n<title>The house \u2022 Le Nid des Anges<\/title>\n<meta name=\"robots\" content=\"index, follow, max-snippet:-1, max-image-preview:large, max-video-preview:-1\" \/>\n<link rel=\"canonical\" href=\"https:\/\/www.nid-des-anges.fr\/en\/the-house\/\" \/>\n<meta property=\"og:locale\" content=\"en_US\" \/>\n<meta property=\"og:type\" content=\"article\" \/>\n<meta property=\"og:title\" content=\"The house \u2022 Le Nid des Anges\" \/>\n<meta property=\"og:url\" content=\"https:\/\/www.nid-des-anges.fr\/en\/the-house\/\" \/>\n<meta property=\"og:site_name\" content=\"Le Nid des Anges\" \/>\n<meta property=\"article:publisher\" content=\"https:\/\/www.facebook.com\/pages\/Le-Nid-des-Anges-Ard%c3%a8che\/125505614186123?ref=hl\" \/>\n<meta property=\"article:modified_time\" content=\"2014-05-23T12:30:27+00:00\" \/>\n<meta name=\"twitter:card\" content=\"summary_large_image\" \/>\n<meta name=\"twitter:label1\" content=\"Est. reading time\" \/>\n\t<meta name=\"twitter:data1\" content=\"3 minutes\" \/>\n<script type=\"application\/ld+json\" class=\"yoast-schema-graph\">{\"@context\":\"https:\\\/\\\/schema.org\",\"@graph\":[{\"@type\":\"WebPage\",\"@id\":\"https:\\\/\\\/www.nid-des-anges.fr\\\/en\\\/the-house\\\/\",\"url\":\"https:\\\/\\\/www.nid-des-anges.fr\\\/en\\\/the-house\\\/\",\"name\":\"The house \u2022 Le Nid des Anges\",\"isPartOf\":{\"@id\":\"https:\\\/\\\/www.nid-des-anges.fr\\\/#website\"},\"datePublished\":\"2014-04-02T15:51:23+00:00\",\"dateModified\":\"2014-05-23T12:30:27+00:00\",\"breadcrumb\":{\"@id\":\"https:\\\/\\\/www.nid-des-anges.fr\\\/en\\\/the-house\\\/#breadcrumb\"},\"inLanguage\":\"en-US\",\"potentialAction\":[{\"@type\":\"ReadAction\",\"target\":[\"https:\\\/\\\/www.nid-des-anges.fr\\\/en\\\/the-house\\\/\"]}]},{\"@type\":\"BreadcrumbList\",\"@id\":\"https:\\\/\\\/www.nid-des-anges.fr\\\/en\\\/the-house\\\/#breadcrumb\",\"itemListElement\":[{\"@type\":\"ListItem\",\"position\":1,\"name\":\"Accueil\",\"item\":\"https:\\\/\\\/www.nid-des-anges.fr\\\/en\\\/\"},{\"@type\":\"ListItem\",\"position\":2,\"name\":\"The house\"}]},{\"@type\":\"WebSite\",\"@id\":\"https:\\\/\\\/www.nid-des-anges.fr\\\/#website\",\"url\":\"https:\\\/\\\/www.nid-des-anges.fr\\\/\",\"name\":\"Le Nid des Anges\",\"description\":\"S\u00e9jours de bien-\u00eatre en Sud Ard\u00e8che\",\"potentialAction\":[{\"@type\":\"SearchAction\",\"target\":{\"@type\":\"EntryPoint\",\"urlTemplate\":\"https:\\\/\\\/www.nid-des-anges.fr\\\/?s={search_term_string}\"},\"query-input\":{\"@type\":\"PropertyValueSpecification\",\"valueRequired\":true,\"valueName\":\"search_term_string\"}}],\"inLanguage\":\"en-US\"}]}<\/script>\n<!-- \/ Yoast SEO plugin. -->","yoast_head_json":{"title":"The house \u2022 Le Nid des Anges","robots":{"index":"index","follow":"follow","max-snippet":"max-snippet:-1","max-image-preview":"max-image-preview:large","max-video-preview":"max-video-preview:-1"},"canonical":"https:\/\/www.nid-des-anges.fr\/en\/the-house\/","og_locale":"en_US","og_type":"article","og_title":"The house \u2022 Le Nid des Anges","og_url":"https:\/\/www.nid-des-anges.fr\/en\/the-house\/","og_site_name":"Le Nid des Anges","article_publisher":"https:\/\/www.facebook.com\/pages\/Le-Nid-des-Anges-Ard%c3%a8che\/125505614186123?ref=hl","article_modified_time":"2014-05-23T12:30:27+00:00","twitter_card":"summary_large_image","twitter_misc":{"Est. reading time":"3 minutes"},"schema":{"@context":"https:\/\/schema.org","@graph":[{"@type":"WebPage","@id":"https:\/\/www.nid-des-anges.fr\/en\/the-house\/","url":"https:\/\/www.nid-des-anges.fr\/en\/the-house\/","name":"The house \u2022 Le Nid des Anges","isPartOf":{"@id":"https:\/\/www.nid-des-anges.fr\/#website"},"datePublished":"2014-04-02T15:51:23+00:00","dateModified":"2014-05-23T12:30:27+00:00","breadcrumb":{"@id":"https:\/\/www.nid-des-anges.fr\/en\/the-house\/#breadcrumb"},"inLanguage":"en-US","potentialAction":[{"@type":"ReadAction","target":["https:\/\/www.nid-des-anges.fr\/en\/the-house\/"]}]},{"@type":"BreadcrumbList","@id":"https:\/\/www.nid-des-anges.fr\/en\/the-house\/#breadcrumb","itemListElement":[{"@type":"ListItem","position":1,"name":"Accueil","item":"https:\/\/www.nid-des-anges.fr\/en\/"},{"@type":"ListItem","position":2,"name":"The house"}]},{"@type":"WebSite","@id":"https:\/\/www.nid-des-anges.fr\/#website","url":"https:\/\/www.nid-des-anges.fr\/","name":"Le Nid des Anges","description":"S\u00e9jours de bien-\u00eatre en Sud Ard\u00e8che","potentialAction":[{"@type":"SearchAction","target":{"@type":"EntryPoint","urlTemplate":"https:\/\/www.nid-des-anges.fr\/?s={search_term_string}"},"query-input":{"@type":"PropertyValueSpecification","valueRequired":true,"valueName":"search_term_string"}}],"inLanguage":"en-US"}]}},"jetpack_sharing_enabled":true,"_links":{"self":[{"href":"https:\/\/www.nid-des-anges.fr\/en\/wp-json\/wp\/v2\/pages\/1575","targetHints":{"allow":["GET"]}}],"collection":[{"href":"https:\/\/www.nid-des-anges.fr\/en\/wp-json\/wp\/v2\/pages"}],"about":[{"href":"https:\/\/www.nid-des-anges.fr\/en\/wp-json\/wp\/v2\/types\/page"}],"author":[{"embeddable":true,"href":"https:\/\/www.nid-des-anges.fr\/en\/wp-json\/wp\/v2\/users\/1"}],"replies":[{"embeddable":true,"href":"https:\/\/www.nid-des-anges.fr\/en\/wp-json\/wp\/v2\/comments?post=1575"}],"version-history":[{"count":0,"href":"https:\/\/www.nid-des-anges.fr\/en\/wp-json\/wp\/v2\/pages\/1575\/revisions"}],"up":[{"embeddable":true,"href":"https:\/\/www.nid-des-anges.fr\/en\/wp-json\/wp\/v2\/pages\/1545"}],"wp:attachment":[{"href":"https:\/\/www.nid-des-anges.fr\/en\/wp-json\/wp\/v2\/media?parent=1575"}],"curies":[{"name":"wp","href":"https:\/\/api.w.org\/{rel}","templated":true}]}}