{"id":1598,"date":"2014-04-02T21:11:57","date_gmt":"2014-04-02T20:11:57","guid":{"rendered":"https:\/\/www.nid-des-anges.fr\/?page_id=1598"},"modified":"2024-04-09T10:39:44","modified_gmt":"2024-04-09T09:39:44","slug":"access","status":"publish","type":"page","link":"https:\/\/www.nid-des-anges.fr\/en\/access\/","title":{"rendered":"Access"},"content":{"rendered":"<p>[et_pb_section fb_built=&#8221;1&#8243; fullwidth=&#8221;on&#8221; custom_padding_last_edited=&#8221;on|desktop&#8221; admin_label=&#8221;section&#8221; _builder_version=&#8221;4.16&#8243; custom_padding_tablet=&#8221;50px|0|50px|0&#8243; custom_padding_phone=&#8221;&#8221; transparent_background=&#8221;off&#8221; padding_mobile=&#8221;off&#8221; global_colors_info=&#8221;{}&#8221;][et_pb_fullwidth_map address=&#8221;Bertoire, 07230 Saint-Andr\u00e9-Lachamp, France&#8221; zoom_level=&#8221;10&#8243; address_lat=&#8221;44.49147300949655&#8243; address_lng=&#8221;4.177562681417157&#8243; mouse_wheel=&#8221;off&#8221; _builder_version=&#8221;4.16&#8243; global_colors_info=&#8221;{}&#8221;][et_pb_map_pin pin_address=&#8221;Les Mines, 07230 Saint-Andr\u00e9-Lachamp, France&#8221; pin_address_lat=&#8221;44.49145052743415&#8243; pin_address_lng=&#8221;4.1775502762004635&#8243; _builder_version=&#8221;3.0.47&#8243; global_colors_info=&#8221;{}&#8221;][\/et_pb_map_pin][\/et_pb_fullwidth_map][\/et_pb_section][et_pb_section fb_built=&#8221;1&#8243; admin_label=&#8221;section&#8221; _builder_version=&#8221;4.16&#8243; global_colors_info=&#8221;{}&#8221;][et_pb_row admin_label=&#8221;row&#8221; _builder_version=&#8221;4.16&#8243; background_size=&#8221;initial&#8221; background_position=&#8221;top_left&#8221; background_repeat=&#8221;repeat&#8221; global_colors_info=&#8221;{}&#8221;][et_pb_column type=&#8221;4_4&#8243; _builder_version=&#8221;4.16&#8243; custom_padding=&#8221;|||&#8221; global_colors_info=&#8221;{}&#8221; custom_padding__hover=&#8221;|||&#8221;][et_pb_blurb image=&#8221;https:\/\/www.nid-des-anges.fr\/wp-content\/uploads\/2014\/02\/niddesanges-logo-400.png&#8221; admin_label=&#8221;Blurb&#8221; _builder_version=&#8221;4.16&#8243; background_size=&#8221;initial&#8221; background_position=&#8221;top_left&#8221; background_repeat=&#8221;repeat&#8221; text_orientation=&#8221;right&#8221; animation=&#8221;off&#8221; global_colors_info=&#8221;{}&#8221;][\/et_pb_blurb][et_pb_text admin_label=&#8221;Text&#8221; _builder_version=&#8221;4.24.2&#8243; background_size=&#8221;initial&#8221; background_position=&#8221;top_left&#8221; background_repeat=&#8221;repeat&#8221; text_orientation=&#8221;right&#8221; global_colors_info=&#8221;{}&#8221;]<\/p>\n<h5 style=\"text-align: center;\">Address:<\/h5>\n<div style=\"text-align: center;\">Hameau de\u00a0Bertoire<\/div>\n<div style=\"text-align: center;\">07230 Saint-Andr\u00e9-Lachamp<\/div>\n<div style=\"text-align: center;\">France<\/div>\n<div style=\"text-align: center;\"><span style=\"color: #ffffff;\">&#8211;<\/span><\/div>\n<h5 style=\"text-align: center;\">Phone: +33 (0)6 52 76 28 41<\/h5>\n<p style=\"text-align: center;\">Email: scidomainedesanges@orange.fr<\/p>\n<div style=\"text-align: center;\"><span style=\"color: #ffffff;\">&#8211;<\/span><\/div>\n<div style=\"text-align: center;\">GPS:<\/div>\n<div style=\"text-align: center;\">44\u00b029&#8217;29.2&#8243;N 4\u00b010&#8217;39.4&#8243;E<\/div>\n<p>[\/et_pb_text][\/et_pb_column][\/et_pb_row][et_pb_row column_structure=&#8221;1_4,1_2,1_4&#8243; admin_label=&#8221;row&#8221; _builder_version=&#8221;4.16&#8243; background_size=&#8221;initial&#8221; background_position=&#8221;top_left&#8221; background_repeat=&#8221;repeat&#8221; global_colors_info=&#8221;{}&#8221;][et_pb_column type=&#8221;1_4&#8243; _builder_version=&#8221;4.16&#8243; custom_padding=&#8221;|||&#8221; global_colors_info=&#8221;{}&#8221; custom_padding__hover=&#8221;|||&#8221;][et_pb_text admin_label=&#8221;Text&#8221; _builder_version=&#8221;4.16&#8243; background_size=&#8221;initial&#8221; background_position=&#8221;top_left&#8221; background_repeat=&#8221;repeat&#8221; global_colors_info=&#8221;{}&#8221;]<span style=\"color: #ffffff;\">&#8211; <\/span><br \/>\n[\/et_pb_text][\/et_pb_column][et_pb_column type=&#8221;1_2&#8243; _builder_version=&#8221;4.16&#8243; custom_padding=&#8221;|||&#8221; global_colors_info=&#8221;{}&#8221; custom_padding__hover=&#8221;|||&#8221;][et_pb_tabs admin_label=&#8221;Itin\u00e9raires&#8221; _builder_version=&#8221;4.16&#8243; background_size=&#8221;initial&#8221; background_position=&#8221;top_left&#8221; background_repeat=&#8221;repeat&#8221; global_colors_info=&#8221;{}&#8221;][et_pb_tab title=&#8221;Come and visit us by plane&#8221; _builder_version=&#8221;4.16&#8243; background_size=&#8221;initial&#8221; background_position=&#8221;top_left&#8221; background_repeat=&#8221;repeat&#8221; global_colors_info=&#8221;{}&#8221;]A\u00e9roport \u00e0 proximit\u00e9 :<\/p>\n<ul>\n<li>Lyon Saint-Exup\u00e9ry<\/li>\n<\/ul>\n<p>Correspondance par la gare de Lyon Part-Dieu vers Valence ou Mont\u00e9limar.<\/p>\n<p>Closest airport:<\/p>\n<ul>\n<li>Lyon Saint-Exup\u00e9ry<\/li>\n<\/ul>\n<p>Connection by train through Lyon Part-Dieu train station towards Valence or Mont\u00e9limar.<br \/>\n[\/et_pb_tab][et_pb_tab title=&#8221;By train&#8221; _builder_version=&#8221;4.16&#8243; background_size=&#8221;initial&#8221; background_position=&#8221;top_left&#8221; background_repeat=&#8221;repeat&#8221; global_colors_info=&#8221;{}&#8221;]Closest train stations:<\/p>\n<ul>\n<li>From Valence, connection by bus SNCF toward Aubenas and Lablach\u00e8re. You may need to change bus in Aubenas.<\/li>\n<li>From Mont\u00e9limar, direct connection to Lablach\u00e8re.<\/li>\n<\/ul>\n<p><span style=\"color: #ffffff;\">&#8211;\u00a0<\/span><br \/>\n[\/et_pb_tab][et_pb_tab title=&#8221;By car&#8221; _builder_version=&#8221;4.16&#8243; background_size=&#8221;initial&#8221; background_position=&#8221;top_left&#8221; background_repeat=&#8221;repeat&#8221; global_colors_info=&#8221;{}&#8221;]Coming from the A7 highway:<\/p>\n<ul>\n<li>Option 1: exit n\u00b017 (Mont\u00e9limar, Viviers, Le Teil), then follow Aubenas, N102<\/li>\n<li>Option 2: exit n\u00b016( Le Pouzin, Privas), follow Privas and then Aubenas, D104<\/li>\n<\/ul>\n<p>Directions after Aubenas:<\/p>\n<ul>\n<li>Follow Al\u00e8s on D104 until Lablach\u00e8re.<\/li>\n<li>In Lablach\u00e8re take the road D4, in the direction of Planzolles.<\/li>\n<li>After 2 kms turn right, follow Saint-Andr\u00e9-Lachamp.<\/li>\n<li>After 3,5 kms turn left on D450 and follow Saint-Andr\u00e9-Lachamp again.<\/li>\n<li>Drive carefully you have only 1 km left! When you see a sign that indicates \u201cgrain d&#8217;alune\u201d, Le Nid des Anges is a little further up on your right. Welcome home!<\/li>\n<\/ul>\n<p>[\/et_pb_tab][\/et_pb_tabs][\/et_pb_column][et_pb_column type=&#8221;1_4&#8243; _builder_version=&#8221;4.16&#8243; custom_padding=&#8221;|||&#8221; global_colors_info=&#8221;{}&#8221; custom_padding__hover=&#8221;|||&#8221;][\/et_pb_column][\/et_pb_row][et_pb_row column_structure=&#8221;1_2,1_2&#8243; admin_label=&#8221;row&#8221; _builder_version=&#8221;4.16&#8243; background_size=&#8221;initial&#8221; background_position=&#8221;top_left&#8221; background_repeat=&#8221;repeat&#8221; global_colors_info=&#8221;{}&#8221;][et_pb_column type=&#8221;1_2&#8243; _builder_version=&#8221;4.16&#8243; custom_padding=&#8221;|||&#8221; global_colors_info=&#8221;{}&#8221; custom_padding__hover=&#8221;|||&#8221;][et_pb_cta title=&#8221;To book your stay&#8221; button_url=&#8221;https:\/\/secure.reservit.com\/fo\/booking\/2\/255721\/dates?specialMode=default&#038;langcode=EN&#038;custid=2&#038;hotelid=255721&#038;m=booking&#8221; button_text=&#8221;Please click here&#8221; admin_label=&#8221;Call To Action&#8221; _builder_version=&#8221;4.24.3&#8243; background_size=&#8221;initial&#8221; background_position=&#8221;top_left&#8221; background_repeat=&#8221;repeat&#8221; hover_enabled=&#8221;0&#8243; global_colors_info=&#8221;{}&#8221; button_text_size__hover_enabled=&#8221;off&#8221; button_one_text_size__hover_enabled=&#8221;off&#8221; button_two_text_size__hover_enabled=&#8221;off&#8221; button_text_color__hover_enabled=&#8221;off&#8221; button_one_text_color__hover_enabled=&#8221;off&#8221; button_two_text_color__hover_enabled=&#8221;off&#8221; button_border_width__hover_enabled=&#8221;off&#8221; button_one_border_width__hover_enabled=&#8221;off&#8221; button_two_border_width__hover_enabled=&#8221;off&#8221; button_border_color__hover_enabled=&#8221;off&#8221; button_one_border_color__hover_enabled=&#8221;off&#8221; button_two_border_color__hover_enabled=&#8221;off&#8221; button_border_radius__hover_enabled=&#8221;off&#8221; button_one_border_radius__hover_enabled=&#8221;off&#8221; button_two_border_radius__hover_enabled=&#8221;off&#8221; button_letter_spacing__hover_enabled=&#8221;off&#8221; button_one_letter_spacing__hover_enabled=&#8221;off&#8221; button_two_letter_spacing__hover_enabled=&#8221;off&#8221; button_bg_color__hover_enabled=&#8221;off&#8221; button_one_bg_color__hover_enabled=&#8221;off&#8221; button_two_bg_color__hover_enabled=&#8221;off&#8221; sticky_enabled=&#8221;0&#8243;][\/et_pb_cta][\/et_pb_column][et_pb_column type=&#8221;1_2&#8243; _builder_version=&#8221;4.16&#8243; custom_padding=&#8221;|||&#8221; global_colors_info=&#8221;{}&#8221; custom_padding__hover=&#8221;|||&#8221;][et_pb_contact_form email=&#8221;scidomainedesanges@orange.fr&#8221; title=&#8221;To contact us:&#8221; admin_label=&#8221;Contact Form&#8221; module_id=&#8221;et_pb_contact_form_0&#8243; _builder_version=&#8221;4.16&#8243; _unique_id=&#8221;270deaa7-ac3b-4cce-a411-67fd6261baae&#8221; border_radii=&#8221;on|0px|0px|0px|0px&#8221; use_border_color=&#8221;off&#8221; global_colors_info=&#8221;{}&#8221;][et_pb_contact_field field_id=&#8221;Prenom&#8221; field_title=&#8221;First name&#8221; _builder_version=&#8221;4.16&#8243; global_colors_info=&#8221;{}&#8221; button_text_size__hover_enabled=&#8221;off&#8221; button_one_text_size__hover_enabled=&#8221;off&#8221; button_two_text_size__hover_enabled=&#8221;off&#8221; button_text_color__hover_enabled=&#8221;off&#8221; button_one_text_color__hover_enabled=&#8221;off&#8221; button_two_text_color__hover_enabled=&#8221;off&#8221; button_border_width__hover_enabled=&#8221;off&#8221; button_one_border_width__hover_enabled=&#8221;off&#8221; button_two_border_width__hover_enabled=&#8221;off&#8221; button_border_color__hover_enabled=&#8221;off&#8221; button_one_border_color__hover_enabled=&#8221;off&#8221; button_two_border_color__hover_enabled=&#8221;off&#8221; button_border_radius__hover_enabled=&#8221;off&#8221; button_one_border_radius__hover_enabled=&#8221;off&#8221; button_two_border_radius__hover_enabled=&#8221;off&#8221; button_letter_spacing__hover_enabled=&#8221;off&#8221; button_one_letter_spacing__hover_enabled=&#8221;off&#8221; button_two_letter_spacing__hover_enabled=&#8221;off&#8221; button_bg_color__hover_enabled=&#8221;off&#8221; button_one_bg_color__hover_enabled=&#8221;off&#8221; button_two_bg_color__hover_enabled=&#8221;off&#8221;][\/et_pb_contact_field][et_pb_contact_field field_id=&#8221;Nom&#8221; field_title=&#8221;Name&#8221; _builder_version=&#8221;4.16&#8243; global_colors_info=&#8221;{}&#8221; button_text_size__hover_enabled=&#8221;off&#8221; button_one_text_size__hover_enabled=&#8221;off&#8221; button_two_text_size__hover_enabled=&#8221;off&#8221; button_text_color__hover_enabled=&#8221;off&#8221; button_one_text_color__hover_enabled=&#8221;off&#8221; button_two_text_color__hover_enabled=&#8221;off&#8221; button_border_width__hover_enabled=&#8221;off&#8221; button_one_border_width__hover_enabled=&#8221;off&#8221; button_two_border_width__hover_enabled=&#8221;off&#8221; button_border_color__hover_enabled=&#8221;off&#8221; button_one_border_color__hover_enabled=&#8221;off&#8221; button_two_border_color__hover_enabled=&#8221;off&#8221; button_border_radius__hover_enabled=&#8221;off&#8221; button_one_border_radius__hover_enabled=&#8221;off&#8221; button_two_border_radius__hover_enabled=&#8221;off&#8221; button_letter_spacing__hover_enabled=&#8221;off&#8221; button_one_letter_spacing__hover_enabled=&#8221;off&#8221; button_two_letter_spacing__hover_enabled=&#8221;off&#8221; button_bg_color__hover_enabled=&#8221;off&#8221; button_one_bg_color__hover_enabled=&#8221;off&#8221; button_two_bg_color__hover_enabled=&#8221;off&#8221;][\/et_pb_contact_field][et_pb_contact_field field_id=&#8221;Adresse_e-mail&#8221; field_title=&#8221;E-mail address&#8221; _builder_version=&#8221;4.16&#8243; global_colors_info=&#8221;{}&#8221; button_text_size__hover_enabled=&#8221;off&#8221; button_one_text_size__hover_enabled=&#8221;off&#8221; button_two_text_size__hover_enabled=&#8221;off&#8221; button_text_color__hover_enabled=&#8221;off&#8221; button_one_text_color__hover_enabled=&#8221;off&#8221; button_two_text_color__hover_enabled=&#8221;off&#8221; button_border_width__hover_enabled=&#8221;off&#8221; button_one_border_width__hover_enabled=&#8221;off&#8221; button_two_border_width__hover_enabled=&#8221;off&#8221; button_border_color__hover_enabled=&#8221;off&#8221; button_one_border_color__hover_enabled=&#8221;off&#8221; button_two_border_color__hover_enabled=&#8221;off&#8221; button_border_radius__hover_enabled=&#8221;off&#8221; button_one_border_radius__hover_enabled=&#8221;off&#8221; button_two_border_radius__hover_enabled=&#8221;off&#8221; button_letter_spacing__hover_enabled=&#8221;off&#8221; button_one_letter_spacing__hover_enabled=&#8221;off&#8221; button_two_letter_spacing__hover_enabled=&#8221;off&#8221; button_bg_color__hover_enabled=&#8221;off&#8221; button_one_bg_color__hover_enabled=&#8221;off&#8221; button_two_bg_color__hover_enabled=&#8221;off&#8221;][\/et_pb_contact_field][et_pb_contact_field field_id=&#8221;Telephone&#8221; field_title=&#8221;Phone number&#8221; _builder_version=&#8221;4.16&#8243; global_colors_info=&#8221;{}&#8221; button_text_size__hover_enabled=&#8221;off&#8221; button_one_text_size__hover_enabled=&#8221;off&#8221; button_two_text_size__hover_enabled=&#8221;off&#8221; button_text_color__hover_enabled=&#8221;off&#8221; button_one_text_color__hover_enabled=&#8221;off&#8221; button_two_text_color__hover_enabled=&#8221;off&#8221; button_border_width__hover_enabled=&#8221;off&#8221; button_one_border_width__hover_enabled=&#8221;off&#8221; button_two_border_width__hover_enabled=&#8221;off&#8221; button_border_color__hover_enabled=&#8221;off&#8221; button_one_border_color__hover_enabled=&#8221;off&#8221; button_two_border_color__hover_enabled=&#8221;off&#8221; button_border_radius__hover_enabled=&#8221;off&#8221; button_one_border_radius__hover_enabled=&#8221;off&#8221; button_two_border_radius__hover_enabled=&#8221;off&#8221; button_letter_spacing__hover_enabled=&#8221;off&#8221; button_one_letter_spacing__hover_enabled=&#8221;off&#8221; button_two_letter_spacing__hover_enabled=&#8221;off&#8221; button_bg_color__hover_enabled=&#8221;off&#8221; button_one_bg_color__hover_enabled=&#8221;off&#8221; button_two_bg_color__hover_enabled=&#8221;off&#8221;][\/et_pb_contact_field][et_pb_contact_field field_id=&#8221;Message&#8221; field_title=&#8221;Message&#8221; field_type=&#8221;text&#8221; fullwidth_field=&#8221;on&#8221; _builder_version=&#8221;4.16&#8243; global_colors_info=&#8221;{}&#8221; button_text_size__hover_enabled=&#8221;off&#8221; button_one_text_size__hover_enabled=&#8221;off&#8221; button_two_text_size__hover_enabled=&#8221;off&#8221; button_text_color__hover_enabled=&#8221;off&#8221; button_one_text_color__hover_enabled=&#8221;off&#8221; button_two_text_color__hover_enabled=&#8221;off&#8221; button_border_width__hover_enabled=&#8221;off&#8221; button_one_border_width__hover_enabled=&#8221;off&#8221; button_two_border_width__hover_enabled=&#8221;off&#8221; button_border_color__hover_enabled=&#8221;off&#8221; button_one_border_color__hover_enabled=&#8221;off&#8221; button_two_border_color__hover_enabled=&#8221;off&#8221; button_border_radius__hover_enabled=&#8221;off&#8221; button_one_border_radius__hover_enabled=&#8221;off&#8221; button_two_border_radius__hover_enabled=&#8221;off&#8221; button_letter_spacing__hover_enabled=&#8221;off&#8221; button_one_letter_spacing__hover_enabled=&#8221;off&#8221; button_two_letter_spacing__hover_enabled=&#8221;off&#8221; button_bg_color__hover_enabled=&#8221;off&#8221; button_one_bg_color__hover_enabled=&#8221;off&#8221; button_two_bg_color__hover_enabled=&#8221;off&#8221;][\/et_pb_contact_field][\/et_pb_contact_form][\/et_pb_column][\/et_pb_row][\/et_pb_section]<\/p>\n","protected":false},"excerpt":{"rendered":"<p>Address: Hameau de\u00a0Bertoire 07230 Saint-Andr\u00e9-Lachamp France &#8211; Phone: +33 (0)6 52 76 28 41 Email: scidomainedesanges@orange.fr &#8211; GPS: 44\u00b029&#8217;29.2&#8243;N 4\u00b010&#8217;39.4&#8243;E- A\u00e9roport \u00e0 proximit\u00e9 : Lyon Saint-Exup\u00e9ry Correspondance par la gare de Lyon Part-Dieu vers Valence ou Mont\u00e9limar. Closest airport: Lyon Saint-Exup\u00e9ry Connection by train through Lyon Part-Dieu train station towards Valence or Mont\u00e9limar. Closest train [&hellip;]<\/p>\n","protected":false},"author":1,"featured_media":0,"parent":0,"menu_order":0,"comment_status":"open","ping_status":"open","template":"","meta":{"_et_pb_use_builder":"on","_et_pb_old_content":"","_et_gb_content_width":"","footnotes":""},"class_list":["post-1598","page","type-page","status-publish","hentry"],"yoast_head":"<!-- This site is optimized with the Yoast SEO plugin v27.6 - https:\/\/yoast.com\/product\/yoast-seo-wordpress\/ -->\n<title>Access \u2022 Le Nid des Anges<\/title>\n<meta name=\"robots\" content=\"index, follow, max-snippet:-1, max-image-preview:large, max-video-preview:-1\" \/>\n<link rel=\"canonical\" href=\"https:\/\/www.nid-des-anges.fr\/en\/access\/\" \/>\n<meta property=\"og:locale\" content=\"en_US\" \/>\n<meta property=\"og:type\" content=\"article\" \/>\n<meta property=\"og:title\" content=\"Access \u2022 Le Nid des Anges\" \/>\n<meta property=\"og:url\" content=\"https:\/\/www.nid-des-anges.fr\/en\/access\/\" \/>\n<meta property=\"og:site_name\" content=\"Le Nid des Anges\" \/>\n<meta property=\"article:publisher\" content=\"https:\/\/www.facebook.com\/pages\/Le-Nid-des-Anges-Ard%c3%a8che\/125505614186123?ref=hl\" \/>\n<meta property=\"article:modified_time\" content=\"2024-04-09T09:39:44+00:00\" \/>\n<meta name=\"twitter:card\" content=\"summary_large_image\" \/>\n<meta name=\"twitter:label1\" content=\"Est. reading time\" \/>\n\t<meta name=\"twitter:data1\" content=\"9 minutes\" \/>\n<script type=\"application\/ld+json\" class=\"yoast-schema-graph\">{\"@context\":\"https:\\\/\\\/schema.org\",\"@graph\":[{\"@type\":\"WebPage\",\"@id\":\"https:\\\/\\\/www.nid-des-anges.fr\\\/en\\\/access\\\/\",\"url\":\"https:\\\/\\\/www.nid-des-anges.fr\\\/en\\\/access\\\/\",\"name\":\"Access \u2022 Le Nid des Anges\",\"isPartOf\":{\"@id\":\"https:\\\/\\\/www.nid-des-anges.fr\\\/#website\"},\"datePublished\":\"2014-04-02T20:11:57+00:00\",\"dateModified\":\"2024-04-09T09:39:44+00:00\",\"breadcrumb\":{\"@id\":\"https:\\\/\\\/www.nid-des-anges.fr\\\/en\\\/access\\\/#breadcrumb\"},\"inLanguage\":\"en-US\",\"potentialAction\":[{\"@type\":\"ReadAction\",\"target\":[\"https:\\\/\\\/www.nid-des-anges.fr\\\/en\\\/access\\\/\"]}]},{\"@type\":\"BreadcrumbList\",\"@id\":\"https:\\\/\\\/www.nid-des-anges.fr\\\/en\\\/access\\\/#breadcrumb\",\"itemListElement\":[{\"@type\":\"ListItem\",\"position\":1,\"name\":\"Accueil\",\"item\":\"https:\\\/\\\/www.nid-des-anges.fr\\\/en\\\/\"},{\"@type\":\"ListItem\",\"position\":2,\"name\":\"Access\"}]},{\"@type\":\"WebSite\",\"@id\":\"https:\\\/\\\/www.nid-des-anges.fr\\\/#website\",\"url\":\"https:\\\/\\\/www.nid-des-anges.fr\\\/\",\"name\":\"Le Nid des Anges\",\"description\":\"S\u00e9jours de bien-\u00eatre en Sud Ard\u00e8che\",\"potentialAction\":[{\"@type\":\"SearchAction\",\"target\":{\"@type\":\"EntryPoint\",\"urlTemplate\":\"https:\\\/\\\/www.nid-des-anges.fr\\\/?s={search_term_string}\"},\"query-input\":{\"@type\":\"PropertyValueSpecification\",\"valueRequired\":true,\"valueName\":\"search_term_string\"}}],\"inLanguage\":\"en-US\"}]}<\/script>\n<!-- \/ Yoast SEO plugin. -->","yoast_head_json":{"title":"Access \u2022 Le Nid des Anges","robots":{"index":"index","follow":"follow","max-snippet":"max-snippet:-1","max-image-preview":"max-image-preview:large","max-video-preview":"max-video-preview:-1"},"canonical":"https:\/\/www.nid-des-anges.fr\/en\/access\/","og_locale":"en_US","og_type":"article","og_title":"Access \u2022 Le Nid des Anges","og_url":"https:\/\/www.nid-des-anges.fr\/en\/access\/","og_site_name":"Le Nid des Anges","article_publisher":"https:\/\/www.facebook.com\/pages\/Le-Nid-des-Anges-Ard%c3%a8che\/125505614186123?ref=hl","article_modified_time":"2024-04-09T09:39:44+00:00","twitter_card":"summary_large_image","twitter_misc":{"Est. reading time":"9 minutes"},"schema":{"@context":"https:\/\/schema.org","@graph":[{"@type":"WebPage","@id":"https:\/\/www.nid-des-anges.fr\/en\/access\/","url":"https:\/\/www.nid-des-anges.fr\/en\/access\/","name":"Access \u2022 Le Nid des Anges","isPartOf":{"@id":"https:\/\/www.nid-des-anges.fr\/#website"},"datePublished":"2014-04-02T20:11:57+00:00","dateModified":"2024-04-09T09:39:44+00:00","breadcrumb":{"@id":"https:\/\/www.nid-des-anges.fr\/en\/access\/#breadcrumb"},"inLanguage":"en-US","potentialAction":[{"@type":"ReadAction","target":["https:\/\/www.nid-des-anges.fr\/en\/access\/"]}]},{"@type":"BreadcrumbList","@id":"https:\/\/www.nid-des-anges.fr\/en\/access\/#breadcrumb","itemListElement":[{"@type":"ListItem","position":1,"name":"Accueil","item":"https:\/\/www.nid-des-anges.fr\/en\/"},{"@type":"ListItem","position":2,"name":"Access"}]},{"@type":"WebSite","@id":"https:\/\/www.nid-des-anges.fr\/#website","url":"https:\/\/www.nid-des-anges.fr\/","name":"Le Nid des Anges","description":"S\u00e9jours de bien-\u00eatre en Sud Ard\u00e8che","potentialAction":[{"@type":"SearchAction","target":{"@type":"EntryPoint","urlTemplate":"https:\/\/www.nid-des-anges.fr\/?s={search_term_string}"},"query-input":{"@type":"PropertyValueSpecification","valueRequired":true,"valueName":"search_term_string"}}],"inLanguage":"en-US"}]}},"jetpack_sharing_enabled":true,"_links":{"self":[{"href":"https:\/\/www.nid-des-anges.fr\/en\/wp-json\/wp\/v2\/pages\/1598","targetHints":{"allow":["GET"]}}],"collection":[{"href":"https:\/\/www.nid-des-anges.fr\/en\/wp-json\/wp\/v2\/pages"}],"about":[{"href":"https:\/\/www.nid-des-anges.fr\/en\/wp-json\/wp\/v2\/types\/page"}],"author":[{"embeddable":true,"href":"https:\/\/www.nid-des-anges.fr\/en\/wp-json\/wp\/v2\/users\/1"}],"replies":[{"embeddable":true,"href":"https:\/\/www.nid-des-anges.fr\/en\/wp-json\/wp\/v2\/comments?post=1598"}],"version-history":[{"count":0,"href":"https:\/\/www.nid-des-anges.fr\/en\/wp-json\/wp\/v2\/pages\/1598\/revisions"}],"wp:attachment":[{"href":"https:\/\/www.nid-des-anges.fr\/en\/wp-json\/wp\/v2\/media?parent=1598"}],"curies":[{"name":"wp","href":"https:\/\/api.w.org\/{rel}","templated":true}]}}